{"id":343,"date":"2022-04-01T05:59:04","date_gmt":"2022-04-01T10:59:04","guid":{"rendered":"https:\/\/www.tucash.co\/goleadorhazdeoros\/?page_id=343"},"modified":"2025-09-04T08:24:39","modified_gmt":"2025-09-04T13:24:39","slug":"suscribe","status":"publish","type":"page","link":"https:\/\/www.tucash.co\/goleadorhazdeoros\/","title":{"rendered":"Goleadores Haz de Oros"},"content":{"rendered":"\n\n\t<section class=\"section has-parallax\" id=\"section_1934530857\">\n\t\t<div class=\"section-bg fill\" data-parallax-container=\".section\" data-parallax-background data-parallax=\"-5\">\n\t\t\t<img decoding=\"async\" width=\"2000\" height=\"1294\" data-src=\"https:\/\/www.tucash.co\/goleadorhazdeoros\/wp-content\/uploads\/2025\/04\/back01.jpg\" class=\"bg attachment- size- lazyload\" alt=\"\" src=\"data:image\/gif;base64,R0lGODlhAQABAAAAACH5BAEKAAEALAAAAAABAAEAAAICTAEAOw==\" style=\"--smush-placeholder-width: 2000px; --smush-placeholder-aspect-ratio: 2000\/1294;\" \/>\t\t\t\t\t\t<div class=\"section-bg-overlay absolute fill\"><\/div>\n\t\t\t\n\n\t\t<\/div>\n\n\t\t\n\n\t\t<div class=\"section-content relative\">\n\t\t\t\n\n<div class=\"row row-collapse row-full-width\"  id=\"row-1801042657\">\n\n\n\t<div id=\"col-1400991587\" class=\"col medium-6 small-6 large-6\"  >\n\t\t\t\t<div class=\"col-inner text-left\"  >\n\t\t\t\n\t\t\t\n\n\t<div class=\"img has-hover x md-x lg-x y md-y lg-y\" id=\"image_521011359\">\n\t\t\t\t\t\t\t\t<div class=\"img-inner dark\" style=\"margin:0px 0px 0px 10px;\">\n\t\t\t<img decoding=\"async\" width=\"400\" height=\"500\" data-src=\"https:\/\/www.tucash.co\/goleadorhazdeoros\/wp-content\/uploads\/2025\/04\/logo-hazoros.png\" class=\"attachment-original size-original lazyload\" alt=\"\" data-srcset=\"https:\/\/www.tucash.co\/goleadorhazdeoros\/wp-content\/uploads\/2025\/04\/logo-hazoros.png 400w, https:\/\/www.tucash.co\/goleadorhazdeoros\/wp-content\/uploads\/2025\/04\/logo-hazoros-320x400.png 320w\" data-sizes=\"(max-width: 400px) 100vw, 400px\" src=\"data:image\/gif;base64,R0lGODlhAQABAAAAACH5BAEKAAEALAAAAAABAAEAAAICTAEAOw==\" style=\"--smush-placeholder-width: 400px; --smush-placeholder-aspect-ratio: 400\/500;\" \/>\t\t\t\t\t\t\n\t\t\t\t\t<\/div>\n\t\t\t\t\t\t\t\t\n<style>\n#image_521011359 {\n  width: 40%;\n}\n@media (min-width:550px) {\n  #image_521011359 {\n    width: 12%;\n  }\n}\n<\/style>\n\t<\/div>\n\t\n\n\n\t\t<\/div>\n\t\t\t\t\n<style>\n#col-1400991587 > .col-inner {\n  padding: 0px 0px 0px 0px;\n  margin: 0px 0px 0px 0px;\n}\n<\/style>\n\t<\/div>\n\n\t\n\n\t<div id=\"col-1914695350\" class=\"col medium-6 small-6 large-6\"  >\n\t\t\t\t<div class=\"col-inner text-right\"  >\n\t\t\t\n\t\t\t\n\n\t<div class=\"img has-hover x md-x lg-x y md-y lg-y\" id=\"image_1442489808\">\n\t\t\t\t\t\t\t\t<div class=\"img-inner dark\" >\n\t\t\t<img decoding=\"async\" width=\"400\" height=\"484\" data-src=\"https:\/\/www.tucash.co\/goleadorhazdeoros\/wp-content\/uploads\/2025\/04\/logo-TC.png\" class=\"attachment-large size-large lazyload\" alt=\"\" data-srcset=\"https:\/\/www.tucash.co\/goleadorhazdeoros\/wp-content\/uploads\/2025\/04\/logo-TC.png 400w, https:\/\/www.tucash.co\/goleadorhazdeoros\/wp-content\/uploads\/2025\/04\/logo-TC-331x400.png 331w\" data-sizes=\"(max-width: 400px) 100vw, 400px\" src=\"data:image\/gif;base64,R0lGODlhAQABAAAAACH5BAEKAAEALAAAAAABAAEAAAICTAEAOw==\" style=\"--smush-placeholder-width: 400px; --smush-placeholder-aspect-ratio: 400\/484;\" \/>\t\t\t\t\t\t\n\t\t\t\t\t<\/div>\n\t\t\t\t\t\t\t\t\n<style>\n#image_1442489808 {\n  width: 33%;\n}\n@media (min-width:550px) {\n  #image_1442489808 {\n    width: 8%;\n  }\n}\n<\/style>\n\t<\/div>\n\t\n\n\n\t\t<\/div>\n\t\t\t\t\t<\/div>\n\n\t\n\n<\/div>\n<div class=\"row row-collapse\"  id=\"row-786476100\">\n\n\n\t<div id=\"col-293164548\" class=\"col small-12 large-12\"  >\n\t\t\t\t<div class=\"col-inner text-center\"  >\n\t\t\t\n\t\t\t\n\n\t<div class=\"img has-hover x md-x lg-x y md-y lg-y\" id=\"image_884143754\">\n\t\t\t\t\t\t<div data-animate=\"fadeInUp\">\t\t<div class=\"img-inner dark\" style=\"margin:0px 0px -50px 0px;\">\n\t\t\t<img decoding=\"async\" width=\"1020\" height=\"395\" data-src=\"https:\/\/www.tucash.co\/goleadorhazdeoros\/wp-content\/uploads\/2025\/04\/logotipo-mecanica-1400x542.png\" class=\"attachment-large size-large lazyload\" alt=\"\" data-srcset=\"https:\/\/www.tucash.co\/goleadorhazdeoros\/wp-content\/uploads\/2025\/04\/logotipo-mecanica-1400x542.png 1400w, https:\/\/www.tucash.co\/goleadorhazdeoros\/wp-content\/uploads\/2025\/04\/logotipo-mecanica-800x310.png 800w, https:\/\/www.tucash.co\/goleadorhazdeoros\/wp-content\/uploads\/2025\/04\/logotipo-mecanica-768x297.png 768w, https:\/\/www.tucash.co\/goleadorhazdeoros\/wp-content\/uploads\/2025\/04\/logotipo-mecanica-1536x594.png 1536w, https:\/\/www.tucash.co\/goleadorhazdeoros\/wp-content\/uploads\/2025\/04\/logotipo-mecanica.png 2000w\" data-sizes=\"(max-width: 1020px) 100vw, 1020px\" src=\"data:image\/gif;base64,R0lGODlhAQABAAAAACH5BAEKAAEALAAAAAABAAEAAAICTAEAOw==\" style=\"--smush-placeholder-width: 1020px; --smush-placeholder-aspect-ratio: 1020\/395;\" \/>\t\t\t\t\t\t\n\t\t\t\t\t<\/div>\n\t\t<\/div>\t\t\t\t\t\t\n<style>\n#image_884143754 {\n  width: 85%;\n}\n@media (min-width:550px) {\n  #image_884143754 {\n    width: 44%;\n  }\n}\n<\/style>\n\t<\/div>\n\t\n\n\t<div class=\"img has-hover x md-x lg-x y md-y lg-y\" id=\"image_592769948\">\n\t\t\t\t\t\t<div data-animate=\"fadeInLeft\">\t\t<div class=\"img-inner dark\" style=\"margin:0px 0px 0px 0px;\">\n\t\t\t<img decoding=\"async\" width=\"1020\" height=\"144\" data-src=\"https:\/\/www.tucash.co\/goleadorhazdeoros\/wp-content\/uploads\/2025\/04\/explicacion-aj-1400x197.png\" class=\"attachment-large size-large lazyload\" alt=\"\" data-srcset=\"https:\/\/www.tucash.co\/goleadorhazdeoros\/wp-content\/uploads\/2025\/04\/explicacion-aj-1400x197.png 1400w, https:\/\/www.tucash.co\/goleadorhazdeoros\/wp-content\/uploads\/2025\/04\/explicacion-aj-800x112.png 800w, https:\/\/www.tucash.co\/goleadorhazdeoros\/wp-content\/uploads\/2025\/04\/explicacion-aj-768x108.png 768w, https:\/\/www.tucash.co\/goleadorhazdeoros\/wp-content\/uploads\/2025\/04\/explicacion-aj-1536x216.png 1536w, https:\/\/www.tucash.co\/goleadorhazdeoros\/wp-content\/uploads\/2025\/04\/explicacion-aj.png 2000w\" data-sizes=\"(max-width: 1020px) 100vw, 1020px\" src=\"data:image\/gif;base64,R0lGODlhAQABAAAAACH5BAEKAAEALAAAAAABAAEAAAICTAEAOw==\" style=\"--smush-placeholder-width: 1020px; --smush-placeholder-aspect-ratio: 1020\/144;\" \/>\t\t\t\t\t\t\n\t\t\t\t\t<\/div>\n\t\t<\/div>\t\t\t\t\t\t\n<style>\n#image_592769948 {\n  width: 89%;\n}\n@media (min-width:550px) {\n  #image_592769948 {\n    width: 54%;\n  }\n}\n<\/style>\n\t<\/div>\n\t\n\n\t<div class=\"img has-hover x md-x lg-x y md-y lg-y\" id=\"image_911490208\">\n\t\t\t\t\t\t<div data-animate=\"fadeInRight\">\t\t<div class=\"img-inner dark\" >\n\t\t\t<img decoding=\"async\" width=\"1020\" height=\"122\" data-src=\"https:\/\/www.tucash.co\/goleadorhazdeoros\/wp-content\/uploads\/2025\/04\/callto1-1400x167.png\" class=\"attachment-large size-large lazyload\" alt=\"\" data-srcset=\"https:\/\/www.tucash.co\/goleadorhazdeoros\/wp-content\/uploads\/2025\/04\/callto1-1400x167.png 1400w, https:\/\/www.tucash.co\/goleadorhazdeoros\/wp-content\/uploads\/2025\/04\/callto1-800x95.png 800w, https:\/\/www.tucash.co\/goleadorhazdeoros\/wp-content\/uploads\/2025\/04\/callto1-768x91.png 768w, https:\/\/www.tucash.co\/goleadorhazdeoros\/wp-content\/uploads\/2025\/04\/callto1-1536x183.png 1536w, https:\/\/www.tucash.co\/goleadorhazdeoros\/wp-content\/uploads\/2025\/04\/callto1.png 2000w\" data-sizes=\"(max-width: 1020px) 100vw, 1020px\" src=\"data:image\/gif;base64,R0lGODlhAQABAAAAACH5BAEKAAEALAAAAAABAAEAAAICTAEAOw==\" style=\"--smush-placeholder-width: 1020px; --smush-placeholder-aspect-ratio: 1020\/122;\" \/>\t\t\t\t\t\t\n\t\t\t\t\t<\/div>\n\t\t<\/div>\t\t\t\t\t\t\n<style>\n#image_911490208 {\n  width: 87%;\n}\n@media (min-width:550px) {\n  #image_911490208 {\n    width: 61%;\n  }\n}\n<\/style>\n\t<\/div>\n\t\n\n\n\t\t<\/div>\n\t\t\t\t\n<style>\n#col-293164548 > .col-inner {\n  margin: 18px 0px 0px 0px;\n}\n@media (min-width:550px) {\n  #col-293164548 > .col-inner {\n    margin: -9px 0px -26px 0px;\n  }\n}\n<\/style>\n\t<\/div>\n\n\t\n\n<\/div>\n\t<div id=\"gap-2053969273\" class=\"gap-element clearfix\" style=\"display:block; height:auto;\">\n\t\t\n<style>\n#gap-2053969273 {\n  padding-top: 30px;\n}\n<\/style>\n\t<\/div>\n\t\n\n\t<div id=\"gap-1366364627\" class=\"gap-element clearfix\" style=\"display:block; height:auto;\">\n\t\t\n<style>\n#gap-1366364627 {\n  padding-top: 7px;\n}\n<\/style>\n\t<\/div>\n\t\n\n<div class=\"row row-collapse align-middle align-center\"  id=\"row-188736239\">\n\n\n\t<div id=\"col-490680353\" class=\"col medium-5 small-12 large-5\"  >\n\t\t\t\t<div class=\"col-inner text-center\"  >\n\t\t\t\n\t\t\t\n\n\t<div id=\"premios\"\n\t     class=\"lightbox-by-id lightbox-content mfp-hide lightbox-white \"\n\t     style=\"max-width:1000px ;padding:5px\">\n\t\t\t<div class=\"img has-hover x md-x lg-x y md-y lg-y\" id=\"image_766283877\">\n\t\t\t\t\t\t\t\t<div class=\"img-inner dark\" >\n\t\t\t<img decoding=\"async\" width=\"2000\" height=\"1458\" data-src=\"https:\/\/www.tucash.co\/goleadorhazdeoros\/wp-content\/uploads\/2025\/05\/tabla-act.jpg\" class=\"attachment-original size-original lazyload\" alt=\"\" data-srcset=\"https:\/\/www.tucash.co\/goleadorhazdeoros\/wp-content\/uploads\/2025\/05\/tabla-act.jpg 2000w, https:\/\/www.tucash.co\/goleadorhazdeoros\/wp-content\/uploads\/2025\/05\/tabla-act-549x400.jpg 549w, https:\/\/www.tucash.co\/goleadorhazdeoros\/wp-content\/uploads\/2025\/05\/tabla-act-1097x800.jpg 1097w, https:\/\/www.tucash.co\/goleadorhazdeoros\/wp-content\/uploads\/2025\/05\/tabla-act-768x560.jpg 768w, https:\/\/www.tucash.co\/goleadorhazdeoros\/wp-content\/uploads\/2025\/05\/tabla-act-1536x1120.jpg 1536w\" data-sizes=\"(max-width: 2000px) 100vw, 2000px\" src=\"data:image\/gif;base64,R0lGODlhAQABAAAAACH5BAEKAAEALAAAAAABAAEAAAICTAEAOw==\" style=\"--smush-placeholder-width: 2000px; --smush-placeholder-aspect-ratio: 2000\/1458;\" \/>\t\t\t\t\t\t\n\t\t\t\t\t<\/div>\n\t\t\t\t\t\t\t\t\n<style>\n#image_766283877 {\n  width: 100%;\n}\n<\/style>\n\t<\/div>\n\t\t<\/div>\n\t\n\t\n\t<div class=\"img has-hover x md-x lg-x y md-y lg-y\" id=\"image_1352452763\">\n\t\t\t\t\t\t\t\t<div class=\"img-inner dark\" style=\"margin:0px 0px 0px 0px;\">\n\t\t\t<img decoding=\"async\" width=\"2000\" height=\"1084\" data-src=\"https:\/\/www.tucash.co\/goleadorhazdeoros\/wp-content\/uploads\/2025\/04\/productos.png\" class=\"attachment-original size-original lazyload\" alt=\"\" data-srcset=\"https:\/\/www.tucash.co\/goleadorhazdeoros\/wp-content\/uploads\/2025\/04\/productos.png 2000w, https:\/\/www.tucash.co\/goleadorhazdeoros\/wp-content\/uploads\/2025\/04\/productos-738x400.png 738w, https:\/\/www.tucash.co\/goleadorhazdeoros\/wp-content\/uploads\/2025\/04\/productos-1400x759.png 1400w, https:\/\/www.tucash.co\/goleadorhazdeoros\/wp-content\/uploads\/2025\/04\/productos-768x416.png 768w, https:\/\/www.tucash.co\/goleadorhazdeoros\/wp-content\/uploads\/2025\/04\/productos-1536x833.png 1536w\" data-sizes=\"(max-width: 2000px) 100vw, 2000px\" src=\"data:image\/gif;base64,R0lGODlhAQABAAAAACH5BAEKAAEALAAAAAABAAEAAAICTAEAOw==\" style=\"--smush-placeholder-width: 2000px; --smush-placeholder-aspect-ratio: 2000\/1084;\" \/>\t\t\t\t\t\t\n\t\t\t\t\t<\/div>\n\t\t\t\t\t\t\t\t\n<style>\n#image_1352452763 {\n  width: 81%;\n}\n@media (min-width:550px) {\n  #image_1352452763 {\n    width: 100%;\n  }\n}\n<\/style>\n\t<\/div>\n\t\n\n\n\t\t<\/div>\n\t\t\t\t\n<style>\n#col-490680353 > .col-inner {\n  margin: 0px 0px 0px 0px;\n}\n@media (min-width:550px) {\n  #col-490680353 > .col-inner {\n    margin: 0px 0px 0px 19px;\n  }\n}\n<\/style>\n\t<\/div>\n\n\t\n\n\t<div id=\"col-1407523876\" class=\"col medium-3 small-5 large-3\"  >\n\t\t\t\t<div class=\"col-inner\"  >\n\t\t\t\n\t\t\t\n\n\t<div class=\"img has-hover x md-x lg-x y md-y lg-y\" id=\"image_598361524\">\n\t\t\t\t\t\t\t\t<div class=\"img-inner dark\" >\n\t\t\t<img decoding=\"async\" width=\"670\" height=\"800\" data-src=\"https:\/\/www.tucash.co\/goleadorhazdeoros\/wp-content\/uploads\/2025\/04\/panadero-def-top-670x800.png\" class=\"attachment-large size-large lazyload\" alt=\"\" data-srcset=\"https:\/\/www.tucash.co\/goleadorhazdeoros\/wp-content\/uploads\/2025\/04\/panadero-def-top-670x800.png 670w, https:\/\/www.tucash.co\/goleadorhazdeoros\/wp-content\/uploads\/2025\/04\/panadero-def-top-335x400.png 335w, https:\/\/www.tucash.co\/goleadorhazdeoros\/wp-content\/uploads\/2025\/04\/panadero-def-top.png 695w\" data-sizes=\"(max-width: 670px) 100vw, 670px\" src=\"data:image\/gif;base64,R0lGODlhAQABAAAAACH5BAEKAAEALAAAAAABAAEAAAICTAEAOw==\" style=\"--smush-placeholder-width: 670px; --smush-placeholder-aspect-ratio: 670\/800;\" \/>\t\t\t\t\t\t\n\t\t\t\t\t<\/div>\n\t\t\t\t\t\t\t\t\n<style>\n#image_598361524 {\n  width: 100%;\n}\n@media (min-width:550px) {\n  #image_598361524 {\n    width: 100%;\n  }\n}\n<\/style>\n\t<\/div>\n\t\n\n\n\t\t<\/div>\n\t\t\t\t\t<\/div>\n\n\t\n\n<\/div>\n\n\t\t<\/div>\n\n\t\t\n<style>\n#section_1934530857 {\n  padding-top: 0px;\n  padding-bottom: 0px;\n}\n#section_1934530857 .section-bg-overlay {\n  background-color: rgba(0, 0, 0, 0.401);\n}\n#section_1934530857 .section-bg img {\n  object-position: 50% 100%;\n}\n<\/style>\n\t<\/section>\n\t\n\n\t<section class=\"section has-parallax\" id=\"section_1608825929\">\n\t\t<div class=\"section-bg fill\" data-parallax-container=\".section\" data-parallax-background data-parallax=\"-4\">\n\t\t\t<img decoding=\"async\" width=\"2000\" height=\"1294\" data-src=\"https:\/\/www.tucash.co\/goleadorhazdeoros\/wp-content\/uploads\/2025\/04\/back01.jpg\" class=\"bg attachment- size- lazyload\" alt=\"\" src=\"data:image\/gif;base64,R0lGODlhAQABAAAAACH5BAEKAAEALAAAAAABAAEAAAICTAEAOw==\" style=\"--smush-placeholder-width: 2000px; --smush-placeholder-aspect-ratio: 2000\/1294;\" \/>\t\t\t\t\t\t\n\t\t\t\n\n\t\t<\/div>\n\n\t\t\n\n\t\t<div class=\"section-content relative\">\n\t\t\t\n\n<div class=\"row\"  id=\"row-1229657848\">\n\n\n\t<div id=\"col-459351945\" class=\"col small-12 large-12\"  >\n\t\t\t\t<div class=\"col-inner text-center\"  >\n\t\t\t\n\t\t\t\n\n<a href=\"https:\/\/www.tucash.co\/goleadorhazdeoros\/wp-login.php\" target=\"_blank\" class=\"button primary is-large lowercase\" rel=\"noopener\"  style=\"border-radius:99px;\">\n\t\t<span>Consulta tus goles y selecciona tus premios<\/span>\n\t<i class=\"icon-gift\" aria-hidden=\"true\" ><\/i><\/a>\n\n\n\n\t\t<\/div>\n\t\t\t\t\t<\/div>\n\n\t\n\n<\/div>\n<div class=\"container section-title-container\" style=\"margin-top:30px;margin-bottom:40px;\"><h3 class=\"section-title section-title-center\"><b><\/b><span class=\"section-title-main\" style=\"font-size:160%;color:#ff4d00;\">\u00bfc\u00f3mo ganar ?<\/span><b><\/b><\/h3><\/div>\n\n<div class=\"row\"  id=\"row-10314818\">\n\n\n\t<div id=\"col-190486761\" class=\"col medium-5 small-12 large-5\"  >\n\t\t\t\t<div class=\"col-inner text-center\"  >\n\t\t\t\n\t\t\t\n\n\t<div class=\"img has-hover x md-x lg-x y md-y lg-y\" id=\"image_1416946690\">\n\t\t\t\t\t\t<div data-animate=\"fadeInRight\">\t\t<div class=\"img-inner dark\" >\n\t\t\t<img decoding=\"async\" width=\"534\" height=\"800\" data-src=\"https:\/\/www.tucash.co\/goleadorhazdeoros\/wp-content\/uploads\/2025\/04\/panadero-personaje-534x800.png\" class=\"attachment-large size-large lazyload\" alt=\"\" data-srcset=\"https:\/\/www.tucash.co\/goleadorhazdeoros\/wp-content\/uploads\/2025\/04\/panadero-personaje-534x800.png 534w, https:\/\/www.tucash.co\/goleadorhazdeoros\/wp-content\/uploads\/2025\/04\/panadero-personaje-267x400.png 267w, https:\/\/www.tucash.co\/goleadorhazdeoros\/wp-content\/uploads\/2025\/04\/panadero-personaje.png 667w\" data-sizes=\"(max-width: 534px) 100vw, 534px\" src=\"data:image\/gif;base64,R0lGODlhAQABAAAAACH5BAEKAAEALAAAAAABAAEAAAICTAEAOw==\" style=\"--smush-placeholder-width: 534px; --smush-placeholder-aspect-ratio: 534\/800;\" \/>\t\t\t\t\t\t\n\t\t\t\t\t<\/div>\n\t\t<\/div>\t\t\t\t\t\t\n<style>\n#image_1416946690 {\n  width: 71%;\n}\n@media (min-width:550px) {\n  #image_1416946690 {\n    width: 88%;\n  }\n}\n<\/style>\n\t<\/div>\n\t\n\n\n\t\t<\/div>\n\t\t\t\t\n<style>\n#col-190486761 > .col-inner {\n  margin: -27px 0px -53px -62px;\n}\n@media (min-width:550px) {\n  #col-190486761 > .col-inner {\n    margin: -32px 0px 0px 45px;\n  }\n}\n<\/style>\n\t<\/div>\n\n\t\n\n\t<div id=\"col-1144286873\" class=\"col medium-7 small-12 large-7 small-col-first\"  >\n\t\t\t\t<div class=\"col-inner\"  >\n\t\t\t\n\t\t\t\n\n\t<div class=\"img has-hover x md-x lg-x y md-y lg-y\" id=\"image_256662298\">\n\t\t\t\t\t\t\t\t<div class=\"img-inner dark\" >\n\t\t\t<img decoding=\"async\" width=\"993\" height=\"800\" data-src=\"https:\/\/www.tucash.co\/goleadorhazdeoros\/wp-content\/uploads\/2025\/09\/nueva-fecha-993x800.png\" class=\"attachment-large size-large lazyload\" alt=\"\" data-srcset=\"https:\/\/www.tucash.co\/goleadorhazdeoros\/wp-content\/uploads\/2025\/09\/nueva-fecha-993x800.png 993w, https:\/\/www.tucash.co\/goleadorhazdeoros\/wp-content\/uploads\/2025\/09\/nueva-fecha-496x400.png 496w, https:\/\/www.tucash.co\/goleadorhazdeoros\/wp-content\/uploads\/2025\/09\/nueva-fecha-768x619.png 768w, https:\/\/www.tucash.co\/goleadorhazdeoros\/wp-content\/uploads\/2025\/09\/nueva-fecha.png 1000w\" data-sizes=\"(max-width: 993px) 100vw, 993px\" src=\"data:image\/gif;base64,R0lGODlhAQABAAAAACH5BAEKAAEALAAAAAABAAEAAAICTAEAOw==\" style=\"--smush-placeholder-width: 993px; --smush-placeholder-aspect-ratio: 993\/800;\" \/>\t\t\t\t\t\t\n\t\t\t\t\t<\/div>\n\t\t\t\t\t\t\t\t\n<style>\n#image_256662298 {\n  width: 100%;\n}\n@media (min-width:550px) {\n  #image_256662298 {\n    width: 94%;\n  }\n}\n<\/style>\n\t<\/div>\n\t\n\n<a href=\"https:\/\/www.tucash.co\/goleadorhazdeoros\/wp-login.php\" target=\"_blank\" class=\"button primary lowercase expand\" rel=\"noopener\"  style=\"border-radius:99px;\">\n\t\t<span>Consulta tus goles y selecciona tus premios<\/span>\n\t<\/a>\n\n\n\n\t\t<\/div>\n\t\t\t\t\t<\/div>\n\n\t\n\n<\/div>\n<div class=\"row\"  id=\"row-1245956073\">\n\n\n\t<div id=\"col-110503313\" class=\"col small-12 large-12\"  >\n\t\t\t\t<div class=\"col-inner\"  >\n\t\t\t\n\t\t\t\n\n<a href=\"#premios\" class=\"button primary is-large lowercase\"  style=\"border-radius:99px;\">\n\t\t<span>Ver tabla de premios<\/span>\n\t<\/a>\n\n\n\t<div id=\"text-2833392241\" class=\"text\">\n\t\t\n\n<p>*Aplican TYC: Vigencia de la actividad del 1 de Mayo al 31 de Julio de 2025. Aplica para 735 clientes industriales seleccionados por el equipo de Harinera del valle y que se registren en www.tucash.co\/goleadorhazdeoros . Para participar el participante deber\u00e1 comprar en el mes m\u00ednimo 10 bultos de 50 kilos = 10 Goles. La cantidad m\u00e1xima de goles permitidos en la actividad es de 986 Goles. Una vez finalizada la actividad, el participante tendr\u00e1 <strong>del 1 de Agosto al 10 de Septiembre de 2025 para seleccionar el premio<\/strong> y despu\u00e9s de 30 d\u00edas de finalizada la actividad los goles vencer\u00e1n y no se podr\u00e1 redimir ning\u00fan premio. Los puntos o goles no son acumulables con otras actividades el participante podr\u00e1 reclamar m\u00e1ximo 2 premios en toda la actividad. <span style=\"color: #ff6600;\"><a style=\"color: #ff6600;\" href=\"https:\/\/www.tucash.co\/goleadorhazdeoros\/wp-content\/uploads\/2025\/04\/Goledadores_HAZ_DE_OROS_TYC_Final.pdf\" target=\"_blank\" rel=\"noopener\"><strong>Ver t\u00e9rminos y condiciones completo aqu\u00ed<\/strong><\/a><\/span><\/p>\n\t\t\n<style>\n#text-2833392241 {\n  font-size: 0.75rem;\n  line-height: 1.4;\n  color: rgb(255,255,255);\n}\n#text-2833392241 > * {\n  color: rgb(255,255,255);\n}\n@media (min-width:550px) {\n  #text-2833392241 {\n    font-size: 1rem;\n  }\n}\n<\/style>\n\t<\/div>\n\t\n\n\t\t<\/div>\n\t\t\t\t\n<style>\n#col-110503313 > .col-inner {\n  margin: 25px 0px 0px 0px;\n}\n<\/style>\n\t<\/div>\n\n\t\n\n<\/div>\n\t<div id=\"gap-1565206172\" class=\"gap-element clearfix\" style=\"display:block; height:auto;\">\n\t\t\n<style>\n#gap-1565206172 {\n  padding-top: 30px;\n}\n<\/style>\n\t<\/div>\n\t\n\n<div class=\"row\"  id=\"row-803147256\">\n\n\n\t<div id=\"col-502404926\" class=\"col small-12 large-12\"  >\n\t\t\t\t<div class=\"col-inner\"  >\n\t\t\t\n\t\t\t\n\n\t<div id=\"text-4033258744\" class=\"text\">\n\t\t\n\n<p>Copyright 2025 \u00a9 Todos los derechos reservados<\/p>\n<p>Desarrollo TuCash<\/p>\n\t\t\n<style>\n#text-4033258744 {\n  font-size: 0.75rem;\n  text-align: center;\n  color: rgb(255,255,255);\n}\n#text-4033258744 > * {\n  color: rgb(255,255,255);\n}\n<\/style>\n\t<\/div>\n\t\n\n\t\t<\/div>\n\t\t\t\t\t<\/div>\n\n\t\n\n<\/div>\n\t<div class=\"img has-hover btnconsultas x md-x lg-x y md-y lg-y\" id=\"image_187799848\">\n\t\t<a class=\"\" href=\"https:\/\/www.tucash.co\/goleadorhazdeoros\/wp-login.php\" >\t\t\t\t\t\t<div class=\"img-inner dark\" >\n\t\t\t<img decoding=\"async\" width=\"149\" height=\"800\" data-src=\"https:\/\/www.tucash.co\/goleadorhazdeoros\/wp-content\/uploads\/2025\/05\/btn-vertical-149x800.png\" class=\"attachment-large size-large lazyload\" alt=\"\" src=\"data:image\/gif;base64,R0lGODlhAQABAAAAACH5BAEKAAEALAAAAAABAAEAAAICTAEAOw==\" style=\"--smush-placeholder-width: 149px; --smush-placeholder-aspect-ratio: 149\/800;\" \/>\t\t\t\t\t\t\n\t\t\t\t\t<\/div>\n\t\t\t\t\t\t<\/a>\t\t\n<style>\n#image_187799848 {\n  width: 8%;\n}\n@media (min-width:550px) {\n  #image_187799848 {\n    width: 3%;\n  }\n}\n<\/style>\n\t<\/div>\n\t\n\n\n\t\t<\/div>\n\n\t\t\n<style>\n#section_1608825929 {\n  padding-top: 30px;\n  padding-bottom: 30px;\n}\n#section_1608825929 .section-bg img {\n  object-position: 46% 0%;\n}\n<\/style>\n\t<\/section>\n\t\n\n","protected":false},"excerpt":{"rendered":"","protected":false},"author":1,"featured_media":2734,"parent":0,"menu_order":0,"comment_status":"closed","ping_status":"closed","template":"page-blank-landingpage.php","meta":{"footnotes":""},"class_list":["post-343","page","type-page","status-publish","has-post-thumbnail","hentry"],"_links":{"self":[{"href":"https:\/\/www.tucash.co\/goleadorhazdeoros\/wp-json\/wp\/v2\/pages\/343","targetHints":{"allow":["GET"]}}],"collection":[{"href":"https:\/\/www.tucash.co\/goleadorhazdeoros\/wp-json\/wp\/v2\/pages"}],"about":[{"href":"https:\/\/www.tucash.co\/goleadorhazdeoros\/wp-json\/wp\/v2\/types\/page"}],"author":[{"embeddable":true,"href":"https:\/\/www.tucash.co\/goleadorhazdeoros\/wp-json\/wp\/v2\/users\/1"}],"replies":[{"embeddable":true,"href":"https:\/\/www.tucash.co\/goleadorhazdeoros\/wp-json\/wp\/v2\/comments?post=343"}],"version-history":[{"count":10,"href":"https:\/\/www.tucash.co\/goleadorhazdeoros\/wp-json\/wp\/v2\/pages\/343\/revisions"}],"predecessor-version":[{"id":3320,"href":"https:\/\/www.tucash.co\/goleadorhazdeoros\/wp-json\/wp\/v2\/pages\/343\/revisions\/3320"}],"wp:featuredmedia":[{"embeddable":true,"href":"https:\/\/www.tucash.co\/goleadorhazdeoros\/wp-json\/wp\/v2\/media\/2734"}],"wp:attachment":[{"href":"https:\/\/www.tucash.co\/goleadorhazdeoros\/wp-json\/wp\/v2\/media?parent=343"}],"curies":[{"name":"wp","href":"https:\/\/api.w.org\/{rel}","templated":true}]}}